{"id":2239,"date":"2024-02-27T18:13:38","date_gmt":"2024-02-27T18:13:38","guid":{"rendered":"https:\/\/www.virginiarosello.com\/?page_id=2239"},"modified":"2025-10-07T20:26:07","modified_gmt":"2025-10-07T20:26:07","slug":"blog","status":"publish","type":"page","link":"https:\/\/www.virginiarosello.com\/index.php\/blog\/","title":{"rendered":"Blog"},"content":{"rendered":"\t\t<div data-elementor-type=\"wp-page\" data-elementor-id=\"2239\" class=\"elementor elementor-2239\" data-elementor-post-type=\"page\">\n\t\t\t\t\t\t<section class=\"elementor-section elementor-top-section elementor-element elementor-element-8497a21 elementor-section-boxed elementor-section-height-default elementor-section-height-default\" data-id=\"8497a21\" data-element_type=\"section\">\n\t\t\t\t\t\t<div class=\"elementor-container elementor-column-gap-default\">\n\t\t\t\t\t<div class=\"elementor-column elementor-col-100 elementor-top-column elementor-element elementor-element-85e9d40\" data-id=\"85e9d40\" data-element_type=\"column\">\n\t\t\t<div class=\"elementor-widget-wrap elementor-element-populated\">\n\t\t\t\t\t\t<div class=\"elementor-element elementor-element-1ffcc4f elementor-widget elementor-widget-html\" data-id=\"1ffcc4f\" data-element_type=\"widget\" data-widget_type=\"html.default\">\n\t\t\t\t<div class=\"elementor-widget-container\">\n\t\t\t\t\t<section class=\"blog-section\">\n  <div class=\"container\">\n    <div class=\"blog-header\">\n      <h2 class=\"blog-title\">\n        Blog: Insights para L\u00edderes Tech\n      <\/h2>\n      <div class=\"gradient-line\"><\/div>\n      <p class=\"blog-description\">\n        Explora art\u00edculos, webinars y consejos pr\u00e1cticos para potenciar tu liderazgo en el mundo tecnol\u00f3gico\n      <\/p>\n    <\/div>\n\n    <div class=\"blog-grid\">\n      <!-- Blog Post 1 -->\n      <article class=\"blog-card\">\n        <div class=\"blog-image\">\n          <img decoding=\"async\" src=\"https:\/\/www.virginiarosello.com\/wp-content\/uploads\/2025\/10\/OP-CBC-28082025.png\" alt=\"T\u00edtulo del Blog 1\">\n        <\/div>\n        <div class=\"blog-content\">\n          <h3 class=\"blog-card-title\">Webinar CBC: Organizaci\u00f3n Plena<\/h3>\n          <p class=\"blog-excerpt\"> \ud83d\udde3\ufe0f \ud835\ude4a\ud835\ude67\ud835\ude5c\ud835\ude56\ud835\ude63\ud835\ude5e\ud835\ude6f\ud835\ude56\ud835\ude67\ud835\ude68\ud835\ude5a \ud835\ude58\ud835\ude64\ud835\ude63 \ud835\ude58\ud835\ude64\ud835\ude63\ud835\ude58\ud835\ude5e\ud835\ude5a\ud835\ude63\ud835\ude58\ud835\ude5e\ud835\ude56 \ud835\ude6e \ud835\ude5a\ud835\ude5b\ud835\ude5a\ud835\ude58\ud835\ude69\ud835\ude5e\ud835\ude6b\ud835\ude5e\ud835\ude59\ud835\ude56\ud835\ude59: \ud835\ude08\ud835\udc5d\ud835\ude33\ud835\ude26\ud835\ude2f\ud835\ude25\ud835\ude26 \ud835\ude22 \ud835\ude28\ud835\ude26\ud835\ude34\ud835\ude35\ud835\ude2a\ud835\ude30\ud835\ude2f\ud835\ude22\ud835\ude33 \ud835\ude35\ud835\ude36 \ud835\ude35\ud835\ude2a\ud835\ude26\ud835\ude2e\ud835\udc5d\ud835\ude30 \ud835\ude3a \ud835\ude26\ud835\ude2f\ud835\ude26\ud835\ude33\ud835\ude28\u00ed\ud835\ude22 \ud835\ude24\ud835\ude30\ud835\ude2f \ud835\ude29\ud835\ude22\u0301\ud835\ude23\ud835\ude2a\ud835\ude35\ud835\ude30\ud835\ude34 \ud835\ude32\ud835\ude36\ud835\ude26 \ud835\udc5d\ud835\ude33\ud835\ude30\ud835\ude2e\ud835\ude36\ud835\ude26\ud835\ude37\ud835\ude26\ud835\ude2f \ud835\ude27\ud835\ude30\ud835\ude24\ud835\ude30, \ud835\ude23\ud835\ude2a\ud835\ude26\ud835\ude2f\ud835\ude26\ud835\ude34\ud835\ude35\ud835\ude22\ud835\ude33 \ud835\ude3a \ud835\udc5d\ud835\ude33\ud835\ude30\ud835\udc5d\ud835\ude30\u0301\ud835\ude34\ud835\ude2a\ud835\ude35\ud835\ude30. \ud835\ude1c\ud835\ude2f \ud835\ude26\ud835\ude2f\ud835\ude27\ud835\ude30\ud835\ude32\ud835\ude36\ud835\ude26 \ud835\ude22\u0301\ud835\ude28\ud835\ude2a\ud835\ude2d \ud835\udc5d\ud835\ude22\ud835\ude33\ud835\ude22 \ud835\ude30\ud835\ude33\ud835\ude25\ud835\ude26\ud835\ude2f\ud835\ude22\ud835\ude33 \ud835\ude35\ud835\ude36 \ud835\ude37\ud835\ude2a\ud835\ude25\ud835\ude22 \ud835\ude34\ud835\ude2a\ud835\ude2f \ud835\udc5d\ud835\ude26\ud835\ude33\ud835\ude25\ud835\ude26\ud835\ude33 \ud835\ude35\ud835\ude36 \ud835\ude26\ud835\ude34\ud835\ude26\ud835\ude2f\ud835\ude24\ud835\ude2a\ud835\ude22.\n <\/p>\n          <!-- LINK 1: Reemplaza '#' con la URL del webinar -->\n          <a href=\"https:\/\/www.youtube.com\/watch?v=ASRbA2nqstY\" class=\"read-more\" target=\"_blank\" rel=\"noopener noreferrer\">Leer m\u00e1s<\/a>\n        <\/div>\n      <\/article>\n      \n       <!-- Blog Post 1 -->\n      <article class=\"blog-card\">\n        <div class=\"blog-image\">\n          <img decoding=\"async\" src=\"https:\/\/www.virginiarosello.com\/wp-content\/uploads\/2025\/05\/Se-dice-de-mi-.webp\" alt=\"T\u00edtulo del Blog 1\">\n        <\/div>\n        <div class=\"blog-content\">\n          <h3 class=\"blog-card-title\">Podcast: Se dice de m\u00ed<\/h3>\n          <p class=\"blog-excerpt\"> Invitaci\u00f3n a conversar sobre los mitos y verdades de la agilidad: \"La agilidad nos devuelve conexi\u00f3n y alegr\u00eda, bienestar.\"  <\/p>\n          <!-- LINK 1: Reemplaza '#' con la URL del webinar -->\n          <a href=\"https:\/\/www.youtube.com\/watch?v=AJuIak2MMYM\" class=\"read-more\" target=\"_blank\" rel=\"noopener noreferrer\">Leer m\u00e1s<\/a>\n        <\/div>\n      <\/article>\n      \n       <!-- Blog Post 2 -->\n      <article class=\"blog-card\">\n        <div class=\"blog-image\">\n          <img decoding=\"async\" src=\"https:\/\/www.virginiarosello.com\/wp-content\/uploads\/2025\/04\/STEM-\u00b7-EVOLVE-e1745120924996.png\" alt=\"T\u00edtulo del Blog 2\">\n        <\/div>\n        <div class=\"blog-content\">\n          <h3 class=\"blog-card-title\">\u00bfQu\u00e9 es STEM+?<\/h3>\n          <p class=\"blog-excerpt\">No es una marca. \ud835\ude0c\ud835\ude34 \ud835\ude36\ud835\ude2f \ud835\ude2e\ud835\ude26\u0301\ud835\ude35\ud835\ude30\ud835\ude25\ud835\ude30. \ud835\ude1c\ud835\ude2f \ud835\ude26\ud835\ude2f\ud835\ude27\ud835\ude30\ud835\ude32\ud835\ude36\ud835\ude26. \ud835\ude1c\ud835\ude2f \ud835\ude24\ud835\ude22\ud835\ude2e\ud835\ude2a\ud835\ude2fo de evoluci\u00f3n en el liderazgo tech.\u2063\u2063<\/p>\n          <!-- LINK 2: Reemplaza '#' con la URL del webinar -->\n          <a href=https:\/\/www.linkedin.com\/posts\/virginiarosello_qu%C3%A9-es-stem-activity-7317554732321902592-J1tF?utm_source=share&utm_medium=member_desktop&rcm=ACoAAAmGxBYBS8QjgJ3miPAU0wAjqsKwQex0qFY\" class=\"read-more\" target=\"_blank\" rel=\"noopener noreferrer\">Leer m\u00e1s<\/a>\n        <\/div>\n      <\/article>\n      \n        <!-- Blog Post 8 -->\n      <article class=\"blog-card\">\n        <div class=\"blog-image\">\n          <img decoding=\"async\" src=\"https:\/\/www.virginiarosello.com\/wp-content\/uploads\/2025\/03\/Virginia-Rosello-80-scaled.jpg\" alt=\"T\u00edtulo del Blog 1\">\n        <\/div>\n        <div class=\"blog-content\">\n          <h3 class=\"blog-card-title\">Intenci\u00f3n sin acci\u00f3n es pura ilusi\u00f3n<\/h3>\n          <p class=\"blog-excerpt\">\u00bfC\u00f3mo la atenci\u00f3n plena mejora tu gesti\u00f3n de energ\u00eda y prioridades?.<\/p>\n          <!-- LINK 1: Reemplaza '#' con la URL del webinar -->\n          <a href=\"https:\/\/www.linkedin.com\/pulse\/c%25C3%25B3mo-la-atenci%25C3%25B3n-plena-mejora-tu-gesti%25C3%25B3n-de-energ%25C3%25ADa-y-rosell%25C3%25B3-5skwf\/?trackingId=n6nkopblRWa84rn1PiRluQ%3D%3D\" class=\"read-more\" target=\"_blank\" rel=\"noopener noreferrer\">Leer m\u00e1s<\/a>\n        <\/div>\n      <\/article>\n       <!-- Blog Post 9 -->\n      <article class=\"blog-card\">\n        <div class=\"blog-image\">\n          <img decoding=\"async\" src=\"https:\/\/www.virginiarosello.com\/wp-content\/uploads\/2025\/03\/Virginia-Rosello-28-2-scaled.jpg\" alt=\"T\u00edtulo del Blog 1\">\n        <\/div>\n        <div class=\"blog-content\">\n          <h3 class=\"blog-card-title\">Cultura del Bienestar<\/h3>\n          <p class=\"blog-excerpt\">Agilidad y Bienestar: \u00bfSer\u00e1 que el bienestar se construye \u00e1gilmente o ser\u00e1 que la agilidad se construye desde el bienestar?.<\/p>\n          <!-- LINK 1: Reemplaza '#' con la URL del webinar -->\n          <a href=\"https:\/\/www.linkedin.com\/pulse\/agilidad-y-bienestar-ser%25C3%25A1-que-el-se-construye-o-la-desde-rosello\/?trackingId=n6nkopblRWa84rn1PiRluQ%3D%3D\" class=\"read-more\" target=\"_blank\" rel=\"noopener noreferrer\">Leer m\u00e1s<\/a>\n        <\/div>\n      <\/article>\n             <!-- Blog Post 7 -->\n      <article class=\"blog-card\">\n        <div class=\"blog-image\">\n          <img decoding=\"async\" src=\"https:\/\/www.virginiarosello.com\/wp-content\/uploads\/2025\/03\/Virginia-Rosello-63-scaled.jpg\" alt=\"T\u00edtulo del Blog 1\">\n        <\/div>\n        <div class=\"blog-content\">\n          <h3 class=\"blog-card-title\">Adaptabilidad en acci\u00f3n<\/h3>\n          <p class=\"blog-excerpt\">\u00bfC\u00f3mo la atenci\u00f3n plena puede contribuir al desarrollo de tu adaptabilidad?.<\/p>\n          <!-- LINK 1: Reemplaza '#' con la URL del webinar -->\n          <a href=\"https:\/\/www.linkedin.com\/pulse\/c%25C3%25B3mo-la-atenci%25C3%25B3n-plena-puede-contribuir-al-desarrollo-rosell%25C3%25B3-q2lnf\/?trackingId=n6nkopblRWa84rn1PiRluQ%3D%3D\" class=\"read-more\" target=\"_blank\" rel=\"noopener noreferrer\">Leer m\u00e1s<\/a>\n        <\/div>\n      <\/article>\n\n      <!-- Blog Post 2 -->\n      <article class=\"blog-card\">\n        <div class=\"blog-image\">\n          <img decoding=\"async\" src=\"https:\/\/www.virginiarosello.com\/wp-content\/uploads\/2025\/03\/Gestion-de-nuestra-energia.png\" alt=\"T\u00edtulo del Blog 2\">\n        <\/div>\n        <div class=\"blog-content\">\n          <h3 class=\"blog-card-title\">Webinar: Gesti\u00f3n de Energ\u00eda<\/h3>\n          <p class=\"blog-excerpt\">Gesti\u00f3n de nuestra energ\u00eda para potenciar el cambio, aprender\u00e1s a desarrollar una mentalidad flexible y adaptativa que te permita afrontar los desaf\u00edos del d\u00eda a d\u00eda en tu organizaci\u00f3n con mayor confianza.<\/p>\n          <!-- LINK 2: Reemplaza '#' con la URL del webinar -->\n          <a href=https:\/\/www.youtube.com\/watch?v=2w2RiobFrjQ&t=1545s\" class=\"read-more\" target=\"_blank\" rel=\"noopener noreferrer\">Leer m\u00e1s<\/a>\n        <\/div>\n      <\/article>\n      \n      <!-- Blog Post 3 -->\n      <article class=\"blog-card\">\n        <div class=\"blog-image\">\n          <img decoding=\"async\" src=\"https:\/\/www.virginiarosello.com\/wp-content\/uploads\/2025\/05\/Agilidad-y-Bienestar.webp\" alt=\"Agilidad y Bienestar\">\n        <\/div>\n        <div class=\"blog-content\">\n          <h3 class=\"blog-card-title\">Webinar: Agilidad y Bienestar<\/h3>\n          <p class=\"blog-excerpt\">En este espacio del Conscious Business Center exploramos la conexi\u00f3n entre bienestar, efectividad y agilidad, descubriendo c\u00f3mo lograr equilibrio personal y profesional sin sacrificar resultados. <\/p>\n          <!-- LINK 3: Reemplaza '#' con la URL del webinar -->\n          <a href=\"https:\/\/fb.watch\/pp5rd4NQLM\/\" class=\"read-more\" target=\"_blank\" rel=\"noopener noreferrer\">Leer m\u00e1s<\/a>\n        <\/div>\n      <\/article>\n      \n       <!-- Blog Post 4 -->\n      <article class=\"blog-card\">\n        <div class=\"blog-image\">\n          <img decoding=\"async\" src=\"https:\/\/www.virginiarosello.com\/wp-content\/uploads\/2025\/03\/Hablemos-de-Burnout.png\" alt=\"T\u00edtulo del Blog 1\">\n        <\/div>\n        <div class=\"blog-content\">\n          <h3 class=\"blog-card-title\">Webinar: Hablemos de Burnout<\/h3>\n          <p class=\"blog-excerpt\">Qu\u00e9 es y c\u00f3mo reconocer el Burnout (agotamiento) y c\u00f3mo las metodolog\u00edas \u00e1giles pueden ser una herramienta valiosa para combatirlo.<\/p>\n          <!-- LINK 1: Reemplaza '#' con la URL del webinar -->\n          <a href=\"https:\/\/www.youtube.com\/watch?v=Kg8WT2zu-sE&feature=youtu.be\" class=\"read-more\" target=\"_blank\" rel=\"noopener noreferrer\">Leer m\u00e1s<\/a>\n        <\/div>\n      <\/article>\n  \n  <!-- Blog Post 5 -->\n      <article class=\"blog-card\">\n        <div class=\"blog-image\">\n          <img decoding=\"async\" src=\"https:\/\/www.virginiarosello.com\/wp-content\/uploads\/2025\/03\/Fred-Ask-me-anything.png\" alt=\"T\u00edtulo del Blog 1\">\n        <\/div>\n        <div class=\"blog-content\">\n          <h3 class=\"blog-card-title\">Webinar CBC: Ask me anything<\/h3>\n          <p class=\"blog-excerpt\">Conversaci\u00f3n de lujo con Fred Kofman en la que los CBC Coachs pudimos preguntarle sobre meta-consciencia y disfrutar de sus respuestas.En el 23' responde \u00bfEl cuerpo est\u00e1 dentro de la mente o al rev\u00e9s? \u00a1No te lo pierdas!<\/p>\n          <!-- LINK 1: Reemplaza '#' con la URL del webinar -->\n          <a href=\"https:\/\/youtu.be\/8rrKEdOWTBw?si=Rwrb23Hx5-q54yk7\" class=\"read-more\" target=\"_blank\" rel=\"noopener noreferrer\">Leer m\u00e1s<\/a>\n        <\/div>\n      <\/article>\n      <!-- Blog Post 6 -->\n      <article class=\"blog-card\">\n        <div class=\"blog-image\">\n          <img decoding=\"async\" src=\"https:\/\/www.virginiarosello.com\/wp-content\/uploads\/2025\/03\/Liderazgo-Agil.png\" alt=\"T\u00edtulo del Blog 1\">\n        <\/div>\n        <div class=\"blog-content\">\n          <h3 class=\"blog-card-title\">Liderazgo \u00c1gil en IT<\/h3>\n          <p class=\"blog-excerpt\">En apr\u00f3x. 10 minutos de presentaci\u00f3n comparto qu\u00e9 es el liderazgo \u00e1gil en mi experiencia IT. Esta charla fue presentada en el marco de la primera edici\u00f3n del ciclo Switcheate by Accenture y result\u00f3 ganadora de la noche \ud83e\udd73, la grab\u00e9 a posterior para que m\u00e1s personas puedan acceder.<\/p>\n          <!-- LINK 1: Reemplaza '#' con la URL del webinar -->\n          <a href=\"https:\/\/www.youtube.com\/watch?v=mm4bT2q3G90\" class=\"read-more\" target=\"_blank\" rel=\"noopener noreferrer\">Leer m\u00e1s<\/a>\n        <\/div>\n      <\/article>\n  \n    <\/div>\n  <\/div>\n<\/section>\t\t\t\t<\/div>\n\t\t\t\t<\/div>\n\t\t\t\t\t<\/div>\n\t\t<\/div>\n\t\t\t\t\t<\/div>\n\t\t<\/section>\n\t\t\t\t<\/div>\n\t\t","protected":false},"excerpt":{"rendered":"<p>Blog: Insights para L\u00edderes Tech Explora art\u00edculos, webinars y consejos pr\u00e1cticos para potenciar tu liderazgo en el mundo tecnol\u00f3gico Webinar CBC: Organizaci\u00f3n Plena \ud83d\udde3\ufe0f \ud835\ude4a\ud835\ude67\ud835\ude5c\ud835\ude56\ud835\ude63\ud835\ude5e\ud835\ude6f\ud835\ude56\ud835\ude67\ud835\ude68\ud835\ude5a \ud835\ude58\ud835\ude64\ud835\ude63 \ud835\ude58\ud835\ude64\ud835\ude63\ud835\ude58\ud835\ude5e\ud835\ude5a\ud835\ude63\ud835\ude58\ud835\ude5e\ud835\ude56 \ud835\ude6e \ud835\ude5a\ud835\ude5b\ud835\ude5a\ud835\ude58\ud835\ude69\ud835\ude5e\ud835\ude6b\ud835\ude5e\ud835\ude59\ud835\ude56\ud835\ude59: \ud835\ude08\ud835\udc5d\ud835\ude33\ud835\ude26\ud835\ude2f\ud835\ude25\ud835\ude26 \ud835\ude22 \ud835\ude28\ud835\ude26\ud835\ude34\ud835\ude35\ud835\ude2a\ud835\ude30\ud835\ude2f\ud835\ude22\ud835\ude33 \ud835\ude35\ud835\ude36 \ud835\ude35\ud835\ude2a\ud835\ude26\ud835\ude2e\ud835\udc5d\ud835\ude30 \ud835\ude3a \ud835\ude26\ud835\ude2f\ud835\ude26\ud835\ude33\ud835\ude28\u00ed\ud835\ude22 \ud835\ude24\ud835\ude30\ud835\ude2f \ud835\ude29\ud835\ude22\u0301\ud835\ude23\ud835\ude2a\ud835\ude35\ud835\ude30\ud835\ude34 \ud835\ude32\ud835\ude36\ud835\ude26 \ud835\udc5d\ud835\ude33\ud835\ude30\ud835\ude2e\ud835\ude36\ud835\ude26\ud835\ude37\ud835\ude26\ud835\ude2f \ud835\ude27\ud835\ude30\ud835\ude24\ud835\ude30, \ud835\ude23\ud835\ude2a\ud835\ude26\ud835\ude2f\ud835\ude26\ud835\ude34\ud835\ude35\ud835\ude22\ud835\ude33 \ud835\ude3a \ud835\udc5d\ud835\ude33\ud835\ude30\ud835\udc5d\ud835\ude30\u0301\ud835\ude34\ud835\ude2a\ud835\ude35\ud835\ude30. \ud835\ude1c\ud835\ude2f \ud835\ude26\ud835\ude2f\ud835\ude27\ud835\ude30\ud835\ude32\ud835\ude36\ud835\ude26 \ud835\ude22\u0301\ud835\ude28\ud835\ude2a\ud835\ude2d \ud835\udc5d\ud835\ude22\ud835\ude33\ud835\ude22 \ud835\ude30\ud835\ude33\ud835\ude25\ud835\ude26\ud835\ude2f\ud835\ude22\ud835\ude33 \ud835\ude35\ud835\ude36 \ud835\ude37\ud835\ude2a\ud835\ude25\ud835\ude22 \ud835\ude34\ud835\ude2a\ud835\ude2f \ud835\udc5d\ud835\ude26\ud835\ude33\ud835\ude25\ud835\ude26\ud835\ude33 \ud835\ude35\ud835\ude36 \ud835\ude26\ud835\ude34\ud835\ude26\ud835\ude2f\ud835\ude24\ud835\ude2a\ud835\ude22. [&hellip;]<\/p>\n","protected":false},"author":1,"featured_media":0,"parent":0,"menu_order":0,"comment_status":"closed","ping_status":"closed","template":"","meta":{"footnotes":""},"class_list":["post-2239","page","type-page","status-publish","hentry"],"_links":{"self":[{"href":"https:\/\/www.virginiarosello.com\/index.php\/wp-json\/wp\/v2\/pages\/2239"}],"collection":[{"href":"https:\/\/www.virginiarosello.com\/index.php\/wp-json\/wp\/v2\/pages"}],"about":[{"href":"https:\/\/www.virginiarosello.com\/index.php\/wp-json\/wp\/v2\/types\/page"}],"author":[{"embeddable":true,"href":"https:\/\/www.virginiarosello.com\/index.php\/wp-json\/wp\/v2\/users\/1"}],"replies":[{"embeddable":true,"href":"https:\/\/www.virginiarosello.com\/index.php\/wp-json\/wp\/v2\/comments?post=2239"}],"version-history":[{"count":32,"href":"https:\/\/www.virginiarosello.com\/index.php\/wp-json\/wp\/v2\/pages\/2239\/revisions"}],"predecessor-version":[{"id":3966,"href":"https:\/\/www.virginiarosello.com\/index.php\/wp-json\/wp\/v2\/pages\/2239\/revisions\/3966"}],"wp:attachment":[{"href":"https:\/\/www.virginiarosello.com\/index.php\/wp-json\/wp\/v2\/media?parent=2239"}],"curies":[{"name":"wp","href":"https:\/\/api.w.org\/{rel}","templated":true}]}}